{"id":378,"date":"2015-04-06T14:26:31","date_gmt":"2015-04-06T18:26:31","guid":{"rendered":"http:\/\/caslabs.case.edu\/medren\/?page_id=378"},"modified":"2017-10-30T10:18:58","modified_gmt":"2017-10-30T14:18:58","slug":"shawm","status":"publish","type":"page","link":"https:\/\/caslabs.case.edu\/medren\/medieval-instruments\/shawm\/","title":{"rendered":"Shawm"},"content":{"rendered":"<p>The shawm is a loud double-reed instrument which is the ancestor of the oboe. It first appears in the l3th century, and by the end of the Middle Ages was the most important loud instrument in use, finding a place in dance bands as well as ensembles for municipal and court ceremonies. Most medieval towns, for example, had shawm bands on the civic payroll to be on call for social and ceremonial events and to play the &#8220;all&#8217;s well&#8221; from the tower.<\/p>\n<div class=\"row column-group-1\"><\/p>\n<p><div class=\"col-xs-12 col-sm-12 col-md-6 col-lg-6\"><\/p>\n<div id=\"attachment_382\" style=\"width: 268px\" class=\"wp-caption aligncenter\"><a href=\"https:\/\/artscimedia.case.edu\/wp-content\/uploads\/sites\/146\/2015\/04\/14215022\/bagpipe_shawm1.jpg\"><img aria-describedby=\"caption-attachment-382\" loading=\"lazy\" class=\"wp-image-382 size-full\" src=\"https:\/\/artscimedia.case.edu\/wp-content\/uploads\/sites\/146\/2015\/04\/14215022\/bagpipe_shawm1.jpg\" alt=\"\" width=\"258\" height=\"288\" srcset=\"https:\/\/artscimedia.case.edu\/wp-content\/uploads\/sites\/146\/2015\/04\/14215022\/bagpipe_shawm1.jpg 258w, https:\/\/artscimedia.case.edu\/wp-content\/uploads\/sites\/146\/2015\/04\/14215022\/bagpipe_shawm1-100x112.jpg 100w\" sizes=\"(max-width: 258px) 100vw, 258px\" \/><\/a><p id=\"caption-attachment-382\" class=\"wp-caption-text\">Bagpipe &amp; shawm. 14th-century manuscript illumination (detail) from Boethius, De Arithmetica. Naples, Biblioteca Nazionale, MS V.A.14, fol. 47r.<\/p><\/div>\n<p>&nbsp;<\/p>\n<p>\n<\/div><\/p>\n<p><div class=\"col-xs-12 col-sm-12 col-md-6 col-lg-6\"><\/p>\n<div id=\"attachment_386\" style=\"width: 259px\" class=\"wp-caption aligncenter\"><a href=\"https:\/\/artscimedia.case.edu\/wp-content\/uploads\/sites\/146\/2015\/04\/14215020\/shepshawm.jpg\"><img aria-describedby=\"caption-attachment-386\" loading=\"lazy\" class=\"wp-image-386 size-full\" src=\"https:\/\/artscimedia.case.edu\/wp-content\/uploads\/sites\/146\/2015\/04\/14215020\/shepshawm.jpg\" alt=\"\" width=\"249\" height=\"288\" srcset=\"https:\/\/artscimedia.case.edu\/wp-content\/uploads\/sites\/146\/2015\/04\/14215020\/shepshawm.jpg 249w, https:\/\/artscimedia.case.edu\/wp-content\/uploads\/sites\/146\/2015\/04\/14215020\/shepshawm-100x116.jpg 100w\" sizes=\"(max-width: 249px) 100vw, 249px\" \/><\/a><p id=\"caption-attachment-386\" class=\"wp-caption-text\">Shawm. Shepherds in a round dance (detail). French (early 16th century). Cleveland Museum of Art 39.158.<\/p><\/div>\n<p>\n<\/div><\/p>\n<p><\/div>\n<!--[if lt IE 9]><script>document.createElement('audio');<\/script><![endif]-->\n<audio class=\"wp-audio-shortcode\" id=\"audio-378-1\" preload=\"none\" style=\"width: 100%;\" controls=\"controls\"><source type=\"audio\/mpeg\" src=\"https:\/\/artscimedia.case.edu\/wp-content\/uploads\/sites\/146\/2017\/10\/27154505\/ShawmSolo.mp3?_=1\" \/><a href=\"https:\/\/artscimedia.case.edu\/wp-content\/uploads\/sites\/146\/2017\/10\/27154505\/ShawmSolo.mp3\">https:\/\/artscimedia.case.edu\/wp-content\/uploads\/sites\/146\/2017\/10\/27154505\/ShawmSolo.mp3<\/a><\/audio>\n<p>Shawm. L&#8217;Homme arm\u00e9 (anonymous) performed by the Boston Shawm and Sackbut Ensemble. M\u00e9n\u00e9strels hauts et bas (1985), trk 1a.<\/p>\n<p>&nbsp;<\/p>\n<p>By the late Middle Ages, the shawm had also developed at least one larger size, called the bombarde, which is distinguishable by its &#8220;fontanelle&#8221; \u2014 a &#8220;pepper-shaker&#8221; cover of perforated wood for the single key mechanism. Earlier, shawms are sometimes shown combined with buisines (straight trumpets) or bagpipes but, with the addition of the bombard, they are increasingly seen with other shawms and, by the early 15th century, with the slide trumpet in a new standard shawm band.<\/p>\n<div class=\"row column-group-2\"><\/p>\n<p><div class=\"col-xs-12 col-sm-12 col-md-6 col-lg-6\"><\/p>\n<div id=\"attachment_384\" style=\"width: 217px\" class=\"wp-caption aligncenter\"><a href=\"https:\/\/artscimedia.case.edu\/wp-content\/uploads\/sites\/146\/2015\/04\/14215022\/shawm_sl.tpt_.jpg\"><img aria-describedby=\"caption-attachment-384\" loading=\"lazy\" class=\"wp-image-384 size-full\" src=\"https:\/\/artscimedia.case.edu\/wp-content\/uploads\/sites\/146\/2015\/04\/14215022\/shawm_sl.tpt_.jpg\" alt=\"\" width=\"207\" height=\"288\" srcset=\"https:\/\/artscimedia.case.edu\/wp-content\/uploads\/sites\/146\/2015\/04\/14215022\/shawm_sl.tpt_.jpg 207w, https:\/\/artscimedia.case.edu\/wp-content\/uploads\/sites\/146\/2015\/04\/14215022\/shawm_sl.tpt_-100x139.jpg 100w\" sizes=\"(max-width: 207px) 100vw, 207px\" \/><\/a><p id=\"caption-attachment-384\" class=\"wp-caption-text\">Shawm &amp; slide trumpet. Angel musician (detail) from the Najera Tryptich by Hans Memling (ca.1480). Antwerp, Mus\u00e9e des Beaux-Arts, no. 779.<\/p><\/div>\n<p>&nbsp;<\/p>\n<p>\n<\/div><\/p>\n<p><div class=\"col-xs-12 col-sm-12 col-md-6 col-lg-6\"><\/p>\n<div id=\"attachment_385\" style=\"width: 238px\" class=\"wp-caption aligncenter\"><a href=\"https:\/\/artscimedia.case.edu\/wp-content\/uploads\/sites\/146\/2015\/04\/14215021\/shawmband.jpg\"><img aria-describedby=\"caption-attachment-385\" loading=\"lazy\" class=\"wp-image-385 size-full\" src=\"https:\/\/artscimedia.case.edu\/wp-content\/uploads\/sites\/146\/2015\/04\/14215021\/shawmband.jpg\" alt=\"\" width=\"228\" height=\"288\" srcset=\"https:\/\/artscimedia.case.edu\/wp-content\/uploads\/sites\/146\/2015\/04\/14215021\/shawmband.jpg 228w, https:\/\/artscimedia.case.edu\/wp-content\/uploads\/sites\/146\/2015\/04\/14215021\/shawmband-100x126.jpg 100w\" sizes=\"(max-width: 228px) 100vw, 228px\" \/><\/a><p id=\"caption-attachment-385\" class=\"wp-caption-text\">Shawm Band. The Hunt of Philip the Good (detail) 16th-century copy of an original (ca.1430) by Jan van Eyck. Versailles, Mus\u00e9e, M V 5423.<\/p><\/div>\n<p>\n<\/div><\/p>\n<p><\/div>\n<audio class=\"wp-audio-shortcode\" id=\"audio-378-2\" preload=\"none\" style=\"width: 100%;\" controls=\"controls\"><source type=\"audio\/mpeg\" src=\"https:\/\/artscimedia.case.edu\/wp-content\/uploads\/sites\/146\/2015\/04\/14233248\/17.shawms_slide_tpt.mp3?_=2\" \/><a href=\"https:\/\/artscimedia.case.edu\/wp-content\/uploads\/sites\/146\/2015\/04\/14233248\/17.shawms_slide_tpt.mp3\">https:\/\/artscimedia.case.edu\/wp-content\/uploads\/sites\/146\/2015\/04\/14233248\/17.shawms_slide_tpt.mp3<\/a><\/audio>\n<p>Shawms and slide trumpet. Gothic Winds. Les Haulz et les Bas. Christophorus CHR 77193 (1996). Trk 17 Qui latuit.<\/p>\n<p>There was also a softer form of shawm which seems to have been popular in the 14th and 15th centuries: the dou\u00e7aine. The late 15th-century theorist Johannes Tinctoris tells us that, compared to the regular shawm, it had a soft tone and limited range, both of which characteristics were probably the result of a cylindrical rather than conical bore.) It was thus like the later crumhorn, but with the reed held between the lips rather than encased in a windcap. It&#8217;s often difficult to tell if we are seeing shawms or dou\u00e7aines in paintings, but we assume that narrow-bore instruments may sometimes be dou\u00e7aines rather than the more popular shawms.<\/p>\n<p>&nbsp;<\/p>\n<audio class=\"wp-audio-shortcode\" id=\"audio-378-3\" preload=\"none\" style=\"width: 100%;\" controls=\"controls\"><source type=\"audio\/mpeg\" src=\"https:\/\/artscimedia.case.edu\/wp-content\/uploads\/sites\/146\/2017\/10\/27154501\/Doucaine.mp3?_=3\" \/><a href=\"https:\/\/artscimedia.case.edu\/wp-content\/uploads\/sites\/146\/2017\/10\/27154501\/Doucaine.mp3\">https:\/\/artscimedia.case.edu\/wp-content\/uploads\/sites\/146\/2017\/10\/27154501\/Doucaine.mp3<\/a><\/audio>\n<p>Dou\u00e7aine with voices. Chosi pensoso (excerpt) by Francesco Landini (ca.1325-97), performed by Adam Gilbert with Anna Levenstein and Judith Overcash-Rubin, sopranos (CWRU Collegium Musicum, 1997).<\/p>\n<div id=\"attachment_383\" style=\"width: 292px\" class=\"wp-caption aligncenter\"><a href=\"https:\/\/artscimedia.case.edu\/wp-content\/uploads\/sites\/146\/2015\/04\/14215022\/doucaines.jpg\"><img aria-describedby=\"caption-attachment-383\" loading=\"lazy\" class=\"size-full wp-image-383\" src=\"https:\/\/artscimedia.case.edu\/wp-content\/uploads\/sites\/146\/2015\/04\/14215022\/doucaines.jpg\" alt=\"Dou\u00e7aines? Manuscript illumination (detail) from Histoire Universelle (French, ca.1460). Baltimore, Walters Art Gallery, MS W307, fol. 167v.\" width=\"282\" height=\"288\" srcset=\"https:\/\/artscimedia.case.edu\/wp-content\/uploads\/sites\/146\/2015\/04\/14215022\/doucaines.jpg 282w, https:\/\/artscimedia.case.edu\/wp-content\/uploads\/sites\/146\/2015\/04\/14215022\/doucaines-100x102.jpg 100w\" sizes=\"(max-width: 282px) 100vw, 282px\" \/><\/a><p id=\"caption-attachment-383\" class=\"wp-caption-text\">Dou\u00e7aines? Manuscript illumination (detail) from Histoire Universelle (French, ca.1460). Baltimore, Walters Art Gallery, MS W307, fol. 167v.<\/p><\/div>\n","protected":false},"excerpt":{"rendered":"<p>The shawm is a loud double-reed instrument which is the ancestor of the oboe. It first appears in the l3th century, and by the end of the Middle Ages was the most important loud instrument in use, finding a place in dance bands as well as ensembles for municipal and court ceremonies. Most medieval towns, for example, had shawm bands on the civic payroll to be on call for social and ceremonial events and to play the &#8220;all&#8217;s well&#8221; from the tower.<\/p>\n<p>Shawm. L&#8217;Homme arm\u00e9 (anonymous) performed by the Boston Shawm and Sackbut Ensemble. M\u00e9n\u00e9strels hauts et bas (1985),<\/p>\n<p><a href=\"https:\/\/caslabs.case.edu\/medren\/medieval-instruments\/shawm\/\" class=\"more-link\">Continue reading&#8230; <span class=\"screen-reader-text\">Shawm<\/span><\/a><\/p>\n","protected":false},"author":223,"featured_media":0,"parent":277,"menu_order":0,"comment_status":"closed","ping_status":"closed","template":"","meta":{"spay_email":""},"_links":{"self":[{"href":"https:\/\/caslabs.case.edu\/medren\/wp-json\/wp\/v2\/pages\/378"}],"collection":[{"href":"https:\/\/caslabs.case.edu\/medren\/wp-json\/wp\/v2\/pages"}],"about":[{"href":"https:\/\/caslabs.case.edu\/medren\/wp-json\/wp\/v2\/types\/page"}],"author":[{"embeddable":true,"href":"https:\/\/caslabs.case.edu\/medren\/wp-json\/wp\/v2\/users\/223"}],"replies":[{"embeddable":true,"href":"https:\/\/caslabs.case.edu\/medren\/wp-json\/wp\/v2\/comments?post=378"}],"version-history":[{"count":5,"href":"https:\/\/caslabs.case.edu\/medren\/wp-json\/wp\/v2\/pages\/378\/revisions"}],"predecessor-version":[{"id":689,"href":"https:\/\/caslabs.case.edu\/medren\/wp-json\/wp\/v2\/pages\/378\/revisions\/689"}],"up":[{"embeddable":true,"href":"https:\/\/caslabs.case.edu\/medren\/wp-json\/wp\/v2\/pages\/277"}],"wp:attachment":[{"href":"https:\/\/caslabs.case.edu\/medren\/wp-json\/wp\/v2\/media?parent=378"}],"curies":[{"name":"wp","href":"https:\/\/api.w.org\/{rel}","templated":true}]}}