{"id":476,"date":"2015-04-07T10:42:30","date_gmt":"2015-04-07T14:42:30","guid":{"rendered":"http:\/\/caslabs.case.edu\/medren\/?page_id=476"},"modified":"2017-10-30T10:04:36","modified_gmt":"2017-10-30T14:04:36","slug":"lute-renaissance","status":"publish","type":"page","link":"https:\/\/caslabs.case.edu\/medren\/renaissance-instruments\/lute-renaissance\/","title":{"rendered":"Lute (Renaissance)"},"content":{"rendered":"<p>The lute, or testudo as Praetorius subtitles it in reference to its tortoise-shaped back, was one of the most popular of the &#8220;perfect&#8221; instruments\u2014instruments which could play all of the parts of a composition, not just one line. Lutes were popular in the Middle Ages for doing precisely that_playing one line_but at some point in the late 15th century, players began to experiment with playing more contrapuntal or chordal works. The new arm\/hand position continued at first to come round the end of the instrument, using the thumb and forefinger as plectrum substitutes. This is called thumb-under technique.<\/p>\n<div class=\"row column-group-1\"><\/p>\n<p><div class=\"col-xs-12 col-sm-12 col-md-6 col-lg-6\"><\/p>\n<div id=\"attachment_481\" style=\"width: 234px\" class=\"wp-caption aligncenter\"><a href=\"https:\/\/artscimedia.case.edu\/wp-content\/uploads\/sites\/146\/2015\/04\/14214955\/lute_thumb.jpg\"><img aria-describedby=\"caption-attachment-481\" loading=\"lazy\" class=\"wp-image-481 size-medium\" src=\"https:\/\/artscimedia.case.edu\/wp-content\/uploads\/sites\/146\/2015\/04\/14214955\/lute_thumb-224x300.jpg\" alt=\"\" width=\"224\" height=\"300\" srcset=\"https:\/\/artscimedia.case.edu\/wp-content\/uploads\/sites\/146\/2015\/04\/14214955\/lute_thumb-224x300.jpg 224w, https:\/\/artscimedia.case.edu\/wp-content\/uploads\/sites\/146\/2015\/04\/14214955\/lute_thumb-100x134.jpg 100w, https:\/\/artscimedia.case.edu\/wp-content\/uploads\/sites\/146\/2015\/04\/14214955\/lute_thumb.jpg 269w\" sizes=\"(max-width: 224px) 100vw, 224px\" \/><\/a><p id=\"caption-attachment-481\" class=\"wp-caption-text\">Lute player showing thumb-under technique (after 1528). Master of the Female Half-lengths. Courtrai, A. de Witte collection.<\/p><\/div>\n<p>&nbsp;<\/p>\n<p>\n<\/div><\/p>\n<p><div class=\"col-xs-12 col-sm-12 col-md-6 col-lg-6\"><\/p>\n<div id=\"attachment_480\" style=\"width: 298px\" class=\"wp-caption aligncenter\"><a href=\"https:\/\/artscimedia.case.edu\/wp-content\/uploads\/sites\/146\/2015\/04\/14214956\/E_lute.jpg\"><img aria-describedby=\"caption-attachment-480\" loading=\"lazy\" class=\"wp-image-480 size-full\" src=\"https:\/\/artscimedia.case.edu\/wp-content\/uploads\/sites\/146\/2015\/04\/14214956\/E_lute.jpg\" alt=\"\" width=\"288\" height=\"294\" srcset=\"https:\/\/artscimedia.case.edu\/wp-content\/uploads\/sites\/146\/2015\/04\/14214956\/E_lute.jpg 288w, https:\/\/artscimedia.case.edu\/wp-content\/uploads\/sites\/146\/2015\/04\/14214956\/E_lute-100x102.jpg 100w\" sizes=\"(max-width: 288px) 100vw, 288px\" \/><\/a><p id=\"caption-attachment-480\" class=\"wp-caption-text\">Lute. Elizabeth I playing the lute (detail). Nicholas Hilliard (late 16th century). Estate of Lord Berkely.<\/p><\/div>\n<p>\n<\/div><\/p>\n<p><\/div>\n<!--[if lt IE 9]><script>document.createElement('audio');<\/script><![endif]-->\n<audio class=\"wp-audio-shortcode\" id=\"audio-476-1\" preload=\"none\" style=\"width: 100%;\" controls=\"controls\"><source type=\"audio\/mpeg\" src=\"https:\/\/artscimedia.case.edu\/wp-content\/uploads\/sites\/146\/2015\/04\/14233244\/07.lute_.mp3?_=1\" \/><a href=\"https:\/\/artscimedia.case.edu\/wp-content\/uploads\/sites\/146\/2015\/04\/14233244\/07.lute_.mp3\">https:\/\/artscimedia.case.edu\/wp-content\/uploads\/sites\/146\/2015\/04\/14233244\/07.lute_.mp3<\/a><\/audio>\n<p>Lute. John Dowland: Complete Lute Works, Vol. 3. Paul O&#8217;Dette, lute. Harmonia Mundi France HMU 907162. Trk 6 The most sacred Queene Elizabeth, her Galliard.<\/p>\n<p>&nbsp;<\/p>\n<p>Gradually, the instrument evolved from having five courses (or pairs of strings) in the early Renaissance, to seven, eight, or even ten by the late Renaissance, and as the number of strings grew, the arm of the player began to come over the shoulder of the lute and the thumb came out as in modern guitar technique. Lutes were among the earliest instruments to develop a solo repertoire but also, from about the middle of the 16th century, it became expected that they would participate in ensembles with other instruments as a kind of proto-continuo. Later Renaissance, makers also devised lutes with extended necks which were known by such names as archlute, theorbo, or chitarrone. The larger ones were frequently single- rather than double-strung and were prized as accompanying instruments, although they possessed their own solo literature as well.<\/p>\n<p>&nbsp;<\/p>\n<div class=\"row column-group-2\"><\/p>\n<p><div class=\"col-xs-12 col-sm-12 col-md-6 col-lg-6\"><\/p>\n<div id=\"attachment_483\" style=\"width: 227px\" class=\"wp-caption aligncenter\"><a href=\"https:\/\/artscimedia.case.edu\/wp-content\/uploads\/sites\/146\/2015\/04\/14214951\/PraeLutes.jpeg\"><img aria-describedby=\"caption-attachment-483\" loading=\"lazy\" class=\"wp-image-483 size-medium\" src=\"https:\/\/artscimedia.case.edu\/wp-content\/uploads\/sites\/146\/2015\/04\/14214951\/PraeLutes-217x300.jpeg\" alt=\"\" width=\"217\" height=\"300\" srcset=\"https:\/\/artscimedia.case.edu\/wp-content\/uploads\/sites\/146\/2015\/04\/14214951\/PraeLutes-217x300.jpeg 217w, https:\/\/artscimedia.case.edu\/wp-content\/uploads\/sites\/146\/2015\/04\/14214951\/PraeLutes-100x138.jpeg 100w, https:\/\/artscimedia.case.edu\/wp-content\/uploads\/sites\/146\/2015\/04\/14214951\/PraeLutes.jpeg 260w\" sizes=\"(max-width: 217px) 100vw, 217px\" \/><\/a><p id=\"caption-attachment-483\" class=\"wp-caption-text\">Lutes. Plate XVI (detail) from Syntagma Musicum II, De Organographia, by Michael Praetorius (1618-19).<\/p><\/div>\n<p>&nbsp;<\/p>\n<p>\n<\/div><\/p>\n<p><div class=\"col-xs-12 col-sm-12 col-md-6 col-lg-6\"><\/p>\n<p><a href=\"https:\/\/artscimedia.case.edu\/wp-content\/uploads\/sites\/146\/2015\/04\/14214954\/PraeChitarrone.jpg\"><img loading=\"lazy\" class=\"aligncenter wp-image-482 size-full\" src=\"https:\/\/artscimedia.case.edu\/wp-content\/uploads\/sites\/146\/2015\/04\/14214954\/PraeChitarrone.jpg\" alt=\"\" width=\"67\" height=\"288\" \/><\/a><\/p>\n<p>&nbsp;<\/p>\n<p>Chitarrone. Plate V (detail) from Syntagma Musicum II, De Organographia, by Michael Praetorius (1618-19).<\/p>\n<p>\n<\/div><\/p>\n<p><\/div>\n<audio class=\"wp-audio-shortcode\" id=\"audio-476-2\" preload=\"none\" style=\"width: 100%;\" controls=\"controls\"><source type=\"audio\/mpeg\" src=\"https:\/\/artscimedia.case.edu\/wp-content\/uploads\/sites\/146\/2015\/04\/14233244\/08.chitarrone.mp3?_=2\" \/><a href=\"https:\/\/artscimedia.case.edu\/wp-content\/uploads\/sites\/146\/2015\/04\/14233244\/08.chitarrone.mp3\">https:\/\/artscimedia.case.edu\/wp-content\/uploads\/sites\/146\/2015\/04\/14233244\/08.chitarrone.mp3<\/a><\/audio>\n<p>Chitarrone. Il Tedesco della tiorba: pieces for lute by G. Kapsberger. Paul O&#8217;Dette. Harmonia Mundi France HMU 907020 (1990). Trk 12 (excerpt).<\/p>\n<p>&nbsp;<\/p>\n<p>One other instrument related to the lute is the vihuela, which was the instrument preferred by Spaniards over the lute. It was tuned exactly like the lute (typically with six courses), but was shaped more like the modern guitar.<\/p>\n<audio class=\"wp-audio-shortcode\" id=\"audio-476-3\" preload=\"none\" style=\"width: 100%;\" controls=\"controls\"><source type=\"audio\/mpeg\" src=\"https:\/\/artscimedia.case.edu\/wp-content\/uploads\/sites\/146\/2015\/04\/14233243\/09.vihuela.mp3?_=3\" \/><a href=\"https:\/\/artscimedia.case.edu\/wp-content\/uploads\/sites\/146\/2015\/04\/14233243\/09.vihuela.mp3\">https:\/\/artscimedia.case.edu\/wp-content\/uploads\/sites\/146\/2015\/04\/14233243\/09.vihuela.mp3<\/a><\/audio>\n<p>Vihuela. Luis de Narvaez: Los seys l\u00edbros del Delph\u00edn de m\u00fasica. Hopkinson Smith, vihuela. Astr\u00e9e E 8706 (1989). Trk 8 Diferencias de guarda me las vacas (excerpt).<\/p>\n<div id=\"attachment_484\" style=\"width: 298px\" class=\"wp-caption aligncenter\"><a href=\"https:\/\/artscimedia.case.edu\/wp-content\/uploads\/sites\/146\/2015\/04\/14214951\/vihuela.jpg\"><img aria-describedby=\"caption-attachment-484\" loading=\"lazy\" class=\"size-full wp-image-484\" src=\"https:\/\/artscimedia.case.edu\/wp-content\/uploads\/sites\/146\/2015\/04\/14214951\/vihuela.jpg\" alt=\"Vihuela. Frontispiece (detail) from El Maestro, by Luis de Mil\u00e1n (1536).\" width=\"288\" height=\"228\" srcset=\"https:\/\/artscimedia.case.edu\/wp-content\/uploads\/sites\/146\/2015\/04\/14214951\/vihuela.jpg 288w, https:\/\/artscimedia.case.edu\/wp-content\/uploads\/sites\/146\/2015\/04\/14214951\/vihuela-100x79.jpg 100w\" sizes=\"(max-width: 288px) 100vw, 288px\" \/><\/a><p id=\"caption-attachment-484\" class=\"wp-caption-text\">Vihuela. Frontispiece (detail) from El Maestro, by Luis de Mil\u00e1n (1536).<\/p><\/div>\n","protected":false},"excerpt":{"rendered":"<p>The lute, or testudo as Praetorius subtitles it in reference to its tortoise-shaped back, was one of the most popular of the &#8220;perfect&#8221; instruments\u2014instruments which could play all of the parts of a composition, not just one line. Lutes were popular in the Middle Ages for doing precisely that_playing one line_but at some point in the late 15th century, players began to experiment with playing more contrapuntal or chordal works. The new arm\/hand position continued at first to come round the end of the instrument, using the thumb and forefinger as plectrum substitutes. This is called thumb-under technique.<\/p>\n<p>Lute.<\/p>\n<p><a href=\"https:\/\/caslabs.case.edu\/medren\/renaissance-instruments\/lute-renaissance\/\" class=\"more-link\">Continue reading&#8230; <span class=\"screen-reader-text\">Lute (Renaissance)<\/span><\/a><\/p>\n","protected":false},"author":223,"featured_media":0,"parent":405,"menu_order":0,"comment_status":"closed","ping_status":"closed","template":"","meta":{"spay_email":""},"_links":{"self":[{"href":"https:\/\/caslabs.case.edu\/medren\/wp-json\/wp\/v2\/pages\/476"}],"collection":[{"href":"https:\/\/caslabs.case.edu\/medren\/wp-json\/wp\/v2\/pages"}],"about":[{"href":"https:\/\/caslabs.case.edu\/medren\/wp-json\/wp\/v2\/types\/page"}],"author":[{"embeddable":true,"href":"https:\/\/caslabs.case.edu\/medren\/wp-json\/wp\/v2\/users\/223"}],"replies":[{"embeddable":true,"href":"https:\/\/caslabs.case.edu\/medren\/wp-json\/wp\/v2\/comments?post=476"}],"version-history":[{"count":1,"href":"https:\/\/caslabs.case.edu\/medren\/wp-json\/wp\/v2\/pages\/476\/revisions"}],"predecessor-version":[{"id":485,"href":"https:\/\/caslabs.case.edu\/medren\/wp-json\/wp\/v2\/pages\/476\/revisions\/485"}],"up":[{"embeddable":true,"href":"https:\/\/caslabs.case.edu\/medren\/wp-json\/wp\/v2\/pages\/405"}],"wp:attachment":[{"href":"https:\/\/caslabs.case.edu\/medren\/wp-json\/wp\/v2\/media?parent=476"}],"curies":[{"name":"wp","href":"https:\/\/api.w.org\/{rel}","templated":true}]}}